{"id":234,"date":"2021-03-10T06:19:50","date_gmt":"2021-03-10T06:19:50","guid":{"rendered":"https:\/\/zonafrancabarranquilla.com\/?page_id=234"},"modified":"2026-04-27T14:44:08","modified_gmt":"2026-04-27T19:44:08","slug":"mensaje-del-presidente","status":"publish","type":"page","link":"https:\/\/zonafrancabarranquilla.com\/en\/nosotros\/mensaje-del-presidente\/","title":{"rendered":"Message from the President"},"content":{"rendered":"<div data-elementor-type=\"wp-page\" data-elementor-id=\"234\" class=\"elementor elementor-234\" data-elementor-post-type=\"page\">\n\t\t\t\t\t\t<section class=\"elementor-section elementor-top-section elementor-element elementor-element-4a45adac elementor-section-height-min-height parallax elementor-section-boxed elementor-section-height-default elementor-section-items-middle\" data-id=\"4a45adac\" data-element_type=\"section\" data-e-type=\"section\" data-settings=\"{&quot;background_background&quot;:&quot;classic&quot;}\">\n\t\t\t\t\t\t<div class=\"elementor-container elementor-column-gap-default\">\n\t\t\t\t\t<div class=\"elementor-column elementor-col-50 elementor-top-column elementor-element elementor-element-58c45471\" data-id=\"58c45471\" data-element_type=\"column\" data-e-type=\"column\" data-settings=\"{&quot;background_background&quot;:&quot;classic&quot;}\">\n\t\t\t<div class=\"elementor-widget-wrap\">\n\t\t\t\t\t\t\t<\/div>\n\t\t<\/div>\n\t\t\t\t<div class=\"elementor-column elementor-col-50 elementor-top-column elementor-element elementor-element-44ec18d\" data-id=\"44ec18d\" data-element_type=\"column\" data-e-type=\"column\">\n\t\t\t<div class=\"elementor-widget-wrap elementor-element-populated\">\n\t\t\t\t\t\t<div class=\"elementor-element elementor-element-693b90a elementor-widget elementor-widget-heading\" data-id=\"693b90a\" data-element_type=\"widget\" data-e-type=\"widget\" data-widget_type=\"heading.default\">\n\t\t\t\t<div class=\"elementor-widget-container\">\n\t\t\t\t\t<h1 class=\"elementor-heading-title elementor-size-default translation-block\">mensaje del<br>\r\nPresidente<\/h1>\t\t\t\t<\/div>\n\t\t\t\t<\/div>\n\t\t\t\t<div class=\"elementor-element elementor-element-3ae5fe2 elementor-widget elementor-widget-image\" data-id=\"3ae5fe2\" data-element_type=\"widget\" data-e-type=\"widget\" data-widget_type=\"image.default\">\n\t\t\t\t<div class=\"elementor-widget-container\">\n\t\t\t\t\t\t\t\t\t\t\t\t\t\t\t<img decoding=\"async\" width=\"511\" height=\"5\" src=\"https:\/\/zonafrancabarranquilla.com\/wp-content\/uploads\/2021\/03\/sep-1-8.png\" class=\"attachment-large size-large wp-image-23\" alt=\"\" srcset=\"https:\/\/zonafrancabarranquilla.com\/wp-content\/uploads\/2021\/03\/sep-1-8.png 511w, https:\/\/zonafrancabarranquilla.com\/wp-content\/uploads\/2021\/03\/sep-1-8-300x3.png 300w, https:\/\/zonafrancabarranquilla.com\/wp-content\/uploads\/2021\/03\/sep-1-8-480x5.png 480w\" sizes=\"(max-width: 511px) 100vw, 511px\" \/>\t\t\t\t\t\t\t\t\t\t\t\t\t\t\t<\/div>\n\t\t\t\t<\/div>\n\t\t\t\t<div class=\"elementor-element elementor-element-e76cfd6 elementor-widget elementor-widget-text-editor\" data-id=\"e76cfd6\" data-element_type=\"widget\" data-e-type=\"widget\" data-widget_type=\"text-editor.default\">\n\t\t\t\t<div class=\"elementor-widget-container\">\n\t\t\t\t\t\t\t\t\t<p>C\u00e9sar Caro Castellar<\/p>\t\t\t\t\t\t\t\t<\/div>\n\t\t\t\t<\/div>\n\t\t\t\t\t<\/div>\n\t\t<\/div>\n\t\t\t\t\t<\/div>\n\t\t<\/section>\n\t\t\t\t<section class=\"elementor-section elementor-top-section elementor-element elementor-element-99f3ac2 elementor-section-boxed elementor-section-height-default elementor-section-height-default\" data-id=\"99f3ac2\" data-element_type=\"section\" data-e-type=\"section\" data-settings=\"{&quot;background_background&quot;:&quot;classic&quot;}\">\n\t\t\t\t\t\t<div class=\"elementor-container elementor-column-gap-default\">\n\t\t\t\t\t<div class=\"elementor-column elementor-col-100 elementor-top-column elementor-element elementor-element-f5c4859\" data-id=\"f5c4859\" data-element_type=\"column\" data-e-type=\"column\">\n\t\t\t<div class=\"elementor-widget-wrap elementor-element-populated\">\n\t\t\t\t\t\t<div class=\"elementor-element elementor-element-d162ebc elementor-widget elementor-widget-heading\" data-id=\"d162ebc\" data-element_type=\"widget\" data-e-type=\"widget\" data-widget_type=\"heading.default\">\n\t\t\t\t<div class=\"elementor-widget-container\">\n\t\t\t\t\t<h2 class=\"elementor-heading-title elementor-size-default\">Un a\u00f1o de crecimiento y solidez<\/h2>\t\t\t\t<\/div>\n\t\t\t\t<\/div>\n\t\t\t\t<div class=\"elementor-element elementor-element-a1cf481 elementor-widget elementor-widget-text-editor\" data-id=\"a1cf481\" data-element_type=\"widget\" data-e-type=\"widget\" data-widget_type=\"text-editor.default\">\n\t\t\t\t<div class=\"elementor-widget-container\">\n\t\t\t\t\t\t\t\t\t<p>En nuestro primer a\u00f1o bajo el nuevo contrato, logramos resultados s\u00f3lidos pese a mayores exigencias, consolidando crecimiento, sostenibilidad y confianza en la Zona Franca de Barranquilla.<\/p>\t\t\t\t\t\t\t\t<\/div>\n\t\t\t\t<\/div>\n\t\t\t\t\t<\/div>\n\t\t<\/div>\n\t\t\t\t\t<\/div>\n\t\t<\/section>\n\t\t\t\t<section class=\"elementor-section elementor-top-section elementor-element elementor-element-23f220a elementor-section-boxed elementor-section-height-default elementor-section-height-default\" data-id=\"23f220a\" data-element_type=\"section\" data-e-type=\"section\">\n\t\t\t\t\t\t<div class=\"elementor-container elementor-column-gap-no\">\n\t\t\t\t\t<div class=\"elementor-column elementor-col-50 elementor-top-column elementor-element elementor-element-3b3467e\" data-id=\"3b3467e\" data-element_type=\"column\" data-e-type=\"column\" data-settings=\"{&quot;background_background&quot;:&quot;classic&quot;}\">\n\t\t\t<div class=\"elementor-widget-wrap elementor-element-populated\">\n\t\t\t\t\t\t<div class=\"elementor-element elementor-element-2e7a476 elementor-widget elementor-widget-heading\" data-id=\"2e7a476\" data-element_type=\"widget\" data-e-type=\"widget\" data-widget_type=\"heading.default\">\n\t\t\t\t<div class=\"elementor-widget-container\">\n\t\t\t\t\t<h2 class=\"elementor-heading-title elementor-size-default\">Enfoque en Logros, Equilibrio y Compromiso con los Grupos de Inter\u00e9s<\/h2>\t\t\t\t<\/div>\n\t\t\t\t<\/div>\n\t\t\t\t\t<\/div>\n\t\t<\/div>\n\t\t\t\t<div class=\"elementor-column elementor-col-50 elementor-top-column elementor-element elementor-element-4e2b47f\" data-id=\"4e2b47f\" data-element_type=\"column\" data-e-type=\"column\">\n\t\t\t<div class=\"elementor-widget-wrap elementor-element-populated\">\n\t\t\t\t\t\t<div class=\"elementor-element elementor-element-ed0101c elementor-widget elementor-widget-text-editor\" data-id=\"ed0101c\" data-element_type=\"widget\" data-e-type=\"widget\" data-widget_type=\"text-editor.default\">\n\t\t\t\t<div class=\"elementor-widget-container\">\n\t\t\t\t\t\t\t\t\t<p>Queridos colaboradores, usuarios calificados, inversionistas, autoridades y amigos de la Zona Franca de Barranquilla:<\/p><p>Al cerrar el primer a\u00f1o de nuestro contrato de 30 a\u00f1os con el Ministerio de Comercio, Industria y Turismo, quiero compartir con ustedes un balance honesto y motivador de lo que hemos logrado juntos.<\/p><p>Este nuevo contrato trajo consigo mayores exigencias: un canon de arrendamiento que m\u00e1s que se duplic\u00f3 en el primer a\u00f1o, importantes inversiones en bodegas y mantenimientos, p\u00f3lizas de garant\u00eda y el compromiso de elevar nuestros est\u00e1ndares medioambientales. A trav\u00e9s de una gesti\u00f3n articulada entre las \u00e1reas comercial, jur\u00eddica y econ\u00f3mica, logramos equilibrar estos nuevos compromisos con la viabilidad operativa de nuestros usuarios. La concertaci\u00f3n de condiciones contractuales justas permiti\u00f3 firmar nuevos acuerdos que benefician a ambas partes y garantizan la sostenibilidad a largo plazo de nuestras operaciones.<\/p><p>Gracias a este esfuerzo conjunto, superamos las metas propuestas y generamos valor real para todos nuestros grupos de inter\u00e9s. Nuestros ingresos crecieron un 13,5% respecto a 2024, fortalecimos nuestro patrimonio en un 0,82% y logramos un EBITDA de 22.361 millones de pesos. En Zofia, nuestra zona franca privada, destacamos con ventas extraordinarias por m\u00e1s de 19.150 millones de pesos y una utilidad operacional significativa. Paralelamente, iniciamos un robusto programa de expansi\u00f3n de infraestructura que incluye nuevas bodegas modernas y la preparaci\u00f3n de terrenos para proyectos de mayor envergadura.<\/p><p>En el \u00e1mbito de la sostenibilidad, recibimos con orgullo el <strong>Sello ICONTEC Categor\u00eda Plata<\/strong>, que acredita nuestra gesti\u00f3n integral en criterios ASG. Adem\u00e1s, fuimos elegidos para participar en el piloto mundial de la OCDE para la certificaci\u00f3n como <strong>Zona Franca Segura<\/strong>, convirti\u00e9ndonos en pioneros una vez m\u00e1s en el r\u00e9gimen franco colombiano. Pronto, nuestras empresas usuarias podr\u00e1n exhibir este importante sello internacional que agrega valor competitivo en los mercados globales.<\/p><p>Sabemos que nuestro rol va m\u00e1s all\u00e1 de facilitar el comercio exterior. Somos un actor clave en el desarrollo econ\u00f3mico y social de la regi\u00f3n. Por eso, mantenemos un di\u00e1logo permanente y constructivo con las autoridades y gremios, buscando siempre las mejores condiciones para que las empresas instaladas aqu\u00ed puedan crecer con estabilidad y competitividad.<\/p><p>Aunque el panorama para 2026 presenta retos asociados al contexto electoral y a las din\u00e1micas del comercio internacional, contamos con la experiencia, el conocimiento y la estructura financiera s\u00f3lida para afrontarlos con \u00e9xito. Continuaremos diversificando nuestra oferta, invirtiendo en tecnolog\u00eda e innovaci\u00f3n, y expandiendo nuestra capacidad log\u00edstica para seguir siendo un socio estrat\u00e9gico confiable.<\/p><p>Mi m\u00e1s profundo agradecimiento a la Junta Directiva por su prudente y visionaria orientaci\u00f3n, a todo nuestro equipo humano por su compromiso y capacidad para superar desaf\u00edos, y a nuestros accionistas por creer en este proyecto y apoyarnos en cada paso.<\/p><p>Juntos, seguiremos construyendo una Zona Franca que no solo genera crecimiento econ\u00f3mico, sino que tambi\u00e9n contribuye al bienestar y al progreso sostenible de Barranquilla y de Colombia.<\/p>\t\t\t\t\t\t\t\t<\/div>\n\t\t\t\t<\/div>\n\t\t\t\t<div class=\"elementor-element elementor-element-30cc90d elementor-widget elementor-widget-heading\" data-id=\"30cc90d\" data-element_type=\"widget\" data-e-type=\"widget\" data-widget_type=\"heading.default\">\n\t\t\t\t<div class=\"elementor-widget-container\">\n\t\t\t\t\t<h2 class=\"elementor-heading-title elementor-size-default\">C\u00c9SAR CARO CASTELLAR<\/h2>\t\t\t\t<\/div>\n\t\t\t\t<\/div>\n\t\t\t\t<div class=\"elementor-element elementor-element-5815fc5 elementor-widget elementor-widget-image\" data-id=\"5815fc5\" data-element_type=\"widget\" data-e-type=\"widget\" data-widget_type=\"image.default\">\n\t\t\t\t<div class=\"elementor-widget-container\">\n\t\t\t\t\t\t\t\t\t\t\t\t\t\t\t<img decoding=\"async\" width=\"757\" height=\"3\" src=\"https:\/\/zonafrancabarranquilla.com\/wp-content\/uploads\/2021\/03\/sep-2-8.png\" class=\"attachment-large size-large wp-image-73\" alt=\"\" srcset=\"https:\/\/zonafrancabarranquilla.com\/wp-content\/uploads\/2021\/03\/sep-2-8.png 757w, https:\/\/zonafrancabarranquilla.com\/wp-content\/uploads\/2021\/03\/sep-2-8-300x1.png 300w, https:\/\/zonafrancabarranquilla.com\/wp-content\/uploads\/2021\/03\/sep-2-8-720x3.png 720w, https:\/\/zonafrancabarranquilla.com\/wp-content\/uploads\/2021\/03\/sep-2-8-480x3.png 480w\" sizes=\"(max-width: 757px) 100vw, 757px\" \/>\t\t\t\t\t\t\t\t\t\t\t\t\t\t\t<\/div>\n\t\t\t\t<\/div>\n\t\t\t\t<div class=\"elementor-element elementor-element-1f1376a elementor-widget elementor-widget-heading\" data-id=\"1f1376a\" data-element_type=\"widget\" data-e-type=\"widget\" data-widget_type=\"heading.default\">\n\t\t\t\t<div class=\"elementor-widget-container\">\n\t\t\t\t\t<h2 class=\"elementor-heading-title elementor-size-default\">President<\/h2>\t\t\t\t<\/div>\n\t\t\t\t<\/div>\n\t\t\t\t\t<\/div>\n\t\t<\/div>\n\t\t\t\t\t<\/div>\n\t\t<\/section>\n\t\t\t\t<\/div>","protected":false},"excerpt":{"rendered":"<p>mensaje del Presidente C\u00e9sar Caro Castellar Un a\u00f1o de crecimiento y solidez En nuestro primer a\u00f1o bajo el nuevo contrato, logramos resultados s\u00f3lidos pese a mayores exigencias, consolidando crecimiento, sostenibilidad y confianza en la Zona Franca de Barranquilla. Enfoque en Logros, Equilibrio y Compromiso con los Grupos de Inter\u00e9s Queridos colaboradores, usuarios calificados, inversionistas, autoridades &#8230; <a title=\"Message from the President\" class=\"read-more\" href=\"https:\/\/zonafrancabarranquilla.com\/en\/nosotros\/mensaje-del-presidente\/\" aria-label=\"Read more about Mensaje del Presidente\">Read more<\/a><\/p>","protected":false},"author":1,"featured_media":0,"parent":299,"menu_order":0,"comment_status":"closed","ping_status":"closed","template":"elementor_header_footer","meta":{"_acf_changed":false,"footnotes":""},"class_list":["post-234","page","type-page","status-publish"],"acf":[],"yoast_head":"<!-- This site is optimized with the Yoast SEO plugin v27.6 - https:\/\/yoast.com\/product\/yoast-seo-wordpress\/ -->\n<title>Mensaje del Presidente - Zona Franca de Barranquilla<\/title>\n<meta name=\"robots\" content=\"index, follow, max-snippet:-1, max-image-preview:large, max-video-preview:-1\" \/>\n<link rel=\"canonical\" href=\"https:\/\/zonafrancabarranquilla.com\/en\/nosotros\/mensaje-del-presidente\/\" \/>\n<meta property=\"og:locale\" content=\"en_US\" \/>\n<meta property=\"og:type\" content=\"article\" \/>\n<meta property=\"og:title\" content=\"Mensaje del Presidente - Zona Franca de Barranquilla\" \/>\n<meta property=\"og:description\" content=\"mensaje del Presidente C\u00e9sar Caro Castellar Un a\u00f1o de crecimiento y solidez En nuestro primer a\u00f1o bajo el nuevo contrato, logramos resultados s\u00f3lidos pese a mayores exigencias, consolidando crecimiento, sostenibilidad y confianza en la Zona Franca de Barranquilla. Enfoque en Logros, Equilibrio y Compromiso con los Grupos de Inter\u00e9s Queridos colaboradores, usuarios calificados, inversionistas, autoridades ... Read more\" \/>\n<meta property=\"og:url\" content=\"https:\/\/zonafrancabarranquilla.com\/en\/nosotros\/mensaje-del-presidente\/\" \/>\n<meta property=\"og:site_name\" content=\"Zona Franca de Barranquilla\" \/>\n<meta property=\"article:modified_time\" content=\"2026-04-27T19:44:08+00:00\" \/>\n<meta property=\"og:image\" content=\"https:\/\/zonafrancabarranquilla.com\/wp-content\/uploads\/2021\/03\/sep-1-8.png\" \/>\n\t<meta property=\"og:image:width\" content=\"511\" \/>\n\t<meta property=\"og:image:height\" content=\"5\" \/>\n\t<meta property=\"og:image:type\" content=\"image\/png\" \/>\n<meta name=\"twitter:card\" content=\"summary_large_image\" \/>\n<meta name=\"twitter:label1\" content=\"Est. reading time\" \/>\n\t<meta name=\"twitter:data1\" content=\"3 minutes\" \/>\n<script type=\"application\/ld+json\" class=\"yoast-schema-graph\">{\"@context\":\"https:\\\/\\\/schema.org\",\"@graph\":[{\"@type\":\"WebPage\",\"@id\":\"https:\\\/\\\/zonafrancabarranquilla.com\\\/nosotros\\\/mensaje-del-presidente\\\/\",\"url\":\"https:\\\/\\\/zonafrancabarranquilla.com\\\/nosotros\\\/mensaje-del-presidente\\\/\",\"name\":\"Mensaje del Presidente - Zona Franca de Barranquilla\",\"isPartOf\":{\"@id\":\"https:\\\/\\\/zonafrancabarranquilla.com\\\/#website\"},\"primaryImageOfPage\":{\"@id\":\"https:\\\/\\\/zonafrancabarranquilla.com\\\/nosotros\\\/mensaje-del-presidente\\\/#primaryimage\"},\"image\":{\"@id\":\"https:\\\/\\\/zonafrancabarranquilla.com\\\/nosotros\\\/mensaje-del-presidente\\\/#primaryimage\"},\"thumbnailUrl\":\"https:\\\/\\\/zonafrancabarranquilla.com\\\/wp-content\\\/uploads\\\/2021\\\/03\\\/sep-1-8.png\",\"datePublished\":\"2021-03-10T06:19:50+00:00\",\"dateModified\":\"2026-04-27T19:44:08+00:00\",\"breadcrumb\":{\"@id\":\"https:\\\/\\\/zonafrancabarranquilla.com\\\/nosotros\\\/mensaje-del-presidente\\\/#breadcrumb\"},\"inLanguage\":\"en-US\",\"potentialAction\":[{\"@type\":\"ReadAction\",\"target\":[\"https:\\\/\\\/zonafrancabarranquilla.com\\\/nosotros\\\/mensaje-del-presidente\\\/\"]}]},{\"@type\":\"ImageObject\",\"inLanguage\":\"en-US\",\"@id\":\"https:\\\/\\\/zonafrancabarranquilla.com\\\/nosotros\\\/mensaje-del-presidente\\\/#primaryimage\",\"url\":\"https:\\\/\\\/zonafrancabarranquilla.com\\\/wp-content\\\/uploads\\\/2021\\\/03\\\/sep-1-8.png\",\"contentUrl\":\"https:\\\/\\\/zonafrancabarranquilla.com\\\/wp-content\\\/uploads\\\/2021\\\/03\\\/sep-1-8.png\"},{\"@type\":\"BreadcrumbList\",\"@id\":\"https:\\\/\\\/zonafrancabarranquilla.com\\\/nosotros\\\/mensaje-del-presidente\\\/#breadcrumb\",\"itemListElement\":[{\"@type\":\"ListItem\",\"position\":1,\"name\":\"Portada\",\"item\":\"https:\\\/\\\/zonafrancabarranquilla.com\\\/\"},{\"@type\":\"ListItem\",\"position\":2,\"name\":\"Nosotros\",\"item\":\"https:\\\/\\\/zonafrancabarranquilla.com\\\/nosotros\\\/\"},{\"@type\":\"ListItem\",\"position\":3,\"name\":\"Mensaje del Presidente\"}]},{\"@type\":\"WebSite\",\"@id\":\"https:\\\/\\\/zonafrancabarranquilla.com\\\/#website\",\"url\":\"https:\\\/\\\/zonafrancabarranquilla.com\\\/\",\"name\":\"Zona Franca de Barranquilla\",\"description\":\"La Zona Franca de Barranquilla\",\"publisher\":{\"@id\":\"https:\\\/\\\/zonafrancabarranquilla.com\\\/#organization\"},\"potentialAction\":[{\"@type\":\"SearchAction\",\"target\":{\"@type\":\"EntryPoint\",\"urlTemplate\":\"https:\\\/\\\/zonafrancabarranquilla.com\\\/?s={search_term_string}\"},\"query-input\":{\"@type\":\"PropertyValueSpecification\",\"valueRequired\":true,\"valueName\":\"search_term_string\"}}],\"inLanguage\":\"en-US\"},{\"@type\":\"Organization\",\"@id\":\"https:\\\/\\\/zonafrancabarranquilla.com\\\/#organization\",\"name\":\"Zona Franca de Barranquilla\",\"url\":\"https:\\\/\\\/zonafrancabarranquilla.com\\\/\",\"logo\":{\"@type\":\"ImageObject\",\"inLanguage\":\"en-US\",\"@id\":\"https:\\\/\\\/zonafrancabarranquilla.com\\\/#\\\/schema\\\/logo\\\/image\\\/\",\"url\":\"https:\\\/\\\/zonafrancabarranquilla.com\\\/wp-content\\\/uploads\\\/2021\\\/03\\\/globologo-50.jpg\",\"contentUrl\":\"https:\\\/\\\/zonafrancabarranquilla.com\\\/wp-content\\\/uploads\\\/2021\\\/03\\\/globologo-50.jpg\",\"width\":604,\"height\":630,\"caption\":\"Zona Franca de Barranquilla\"},\"image\":{\"@id\":\"https:\\\/\\\/zonafrancabarranquilla.com\\\/#\\\/schema\\\/logo\\\/image\\\/\"}}]}<\/script>\n<!-- \/ Yoast SEO plugin. -->","yoast_head_json":{"title":"Mensaje del Presidente - Zona Franca de Barranquilla","robots":{"index":"index","follow":"follow","max-snippet":"max-snippet:-1","max-image-preview":"max-image-preview:large","max-video-preview":"max-video-preview:-1"},"canonical":"https:\/\/zonafrancabarranquilla.com\/en\/nosotros\/mensaje-del-presidente\/","og_locale":"en_US","og_type":"article","og_title":"Mensaje del Presidente - Zona Franca de Barranquilla","og_description":"mensaje del Presidente C\u00e9sar Caro Castellar Un a\u00f1o de crecimiento y solidez En nuestro primer a\u00f1o bajo el nuevo contrato, logramos resultados s\u00f3lidos pese a mayores exigencias, consolidando crecimiento, sostenibilidad y confianza en la Zona Franca de Barranquilla. Enfoque en Logros, Equilibrio y Compromiso con los Grupos de Inter\u00e9s Queridos colaboradores, usuarios calificados, inversionistas, autoridades ... Read more","og_url":"https:\/\/zonafrancabarranquilla.com\/en\/nosotros\/mensaje-del-presidente\/","og_site_name":"Zona Franca de Barranquilla","article_modified_time":"2026-04-27T19:44:08+00:00","og_image":[{"width":511,"height":5,"url":"https:\/\/zonafrancabarranquilla.com\/wp-content\/uploads\/2021\/03\/sep-1-8.png","type":"image\/png"}],"twitter_card":"summary_large_image","twitter_misc":{"Est. reading time":"3 minutes"},"schema":{"@context":"https:\/\/schema.org","@graph":[{"@type":"WebPage","@id":"https:\/\/zonafrancabarranquilla.com\/nosotros\/mensaje-del-presidente\/","url":"https:\/\/zonafrancabarranquilla.com\/nosotros\/mensaje-del-presidente\/","name":"Mensaje del Presidente - Zona Franca de Barranquilla","isPartOf":{"@id":"https:\/\/zonafrancabarranquilla.com\/#website"},"primaryImageOfPage":{"@id":"https:\/\/zonafrancabarranquilla.com\/nosotros\/mensaje-del-presidente\/#primaryimage"},"image":{"@id":"https:\/\/zonafrancabarranquilla.com\/nosotros\/mensaje-del-presidente\/#primaryimage"},"thumbnailUrl":"https:\/\/zonafrancabarranquilla.com\/wp-content\/uploads\/2021\/03\/sep-1-8.png","datePublished":"2021-03-10T06:19:50+00:00","dateModified":"2026-04-27T19:44:08+00:00","breadcrumb":{"@id":"https:\/\/zonafrancabarranquilla.com\/nosotros\/mensaje-del-presidente\/#breadcrumb"},"inLanguage":"en-US","potentialAction":[{"@type":"ReadAction","target":["https:\/\/zonafrancabarranquilla.com\/nosotros\/mensaje-del-presidente\/"]}]},{"@type":"ImageObject","inLanguage":"en-US","@id":"https:\/\/zonafrancabarranquilla.com\/nosotros\/mensaje-del-presidente\/#primaryimage","url":"https:\/\/zonafrancabarranquilla.com\/wp-content\/uploads\/2021\/03\/sep-1-8.png","contentUrl":"https:\/\/zonafrancabarranquilla.com\/wp-content\/uploads\/2021\/03\/sep-1-8.png"},{"@type":"BreadcrumbList","@id":"https:\/\/zonafrancabarranquilla.com\/nosotros\/mensaje-del-presidente\/#breadcrumb","itemListElement":[{"@type":"ListItem","position":1,"name":"Portada","item":"https:\/\/zonafrancabarranquilla.com\/"},{"@type":"ListItem","position":2,"name":"Nosotros","item":"https:\/\/zonafrancabarranquilla.com\/nosotros\/"},{"@type":"ListItem","position":3,"name":"Mensaje del Presidente"}]},{"@type":"WebSite","@id":"https:\/\/zonafrancabarranquilla.com\/#website","url":"https:\/\/zonafrancabarranquilla.com\/","name":"Barranquilla Free Trade Zone","description":"La Zona Franca de Barranquilla","publisher":{"@id":"https:\/\/zonafrancabarranquilla.com\/#organization"},"potentialAction":[{"@type":"SearchAction","target":{"@type":"EntryPoint","urlTemplate":"https:\/\/zonafrancabarranquilla.com\/?s={search_term_string}"},"query-input":{"@type":"PropertyValueSpecification","valueRequired":true,"valueName":"search_term_string"}}],"inLanguage":"en-US"},{"@type":"Organization","@id":"https:\/\/zonafrancabarranquilla.com\/#organization","name":"Barranquilla Free Trade Zone","url":"https:\/\/zonafrancabarranquilla.com\/","logo":{"@type":"ImageObject","inLanguage":"en-US","@id":"https:\/\/zonafrancabarranquilla.com\/#\/schema\/logo\/image\/","url":"https:\/\/zonafrancabarranquilla.com\/wp-content\/uploads\/2021\/03\/globologo-50.jpg","contentUrl":"https:\/\/zonafrancabarranquilla.com\/wp-content\/uploads\/2021\/03\/globologo-50.jpg","width":604,"height":630,"caption":"Zona Franca de Barranquilla"},"image":{"@id":"https:\/\/zonafrancabarranquilla.com\/#\/schema\/logo\/image\/"}}]}},"_links":{"self":[{"href":"https:\/\/zonafrancabarranquilla.com\/en\/wp-json\/wp\/v2\/pages\/234","targetHints":{"allow":["GET"]}}],"collection":[{"href":"https:\/\/zonafrancabarranquilla.com\/en\/wp-json\/wp\/v2\/pages"}],"about":[{"href":"https:\/\/zonafrancabarranquilla.com\/en\/wp-json\/wp\/v2\/types\/page"}],"author":[{"embeddable":true,"href":"https:\/\/zonafrancabarranquilla.com\/en\/wp-json\/wp\/v2\/users\/1"}],"replies":[{"embeddable":true,"href":"https:\/\/zonafrancabarranquilla.com\/en\/wp-json\/wp\/v2\/comments?post=234"}],"version-history":[{"count":2,"href":"https:\/\/zonafrancabarranquilla.com\/en\/wp-json\/wp\/v2\/pages\/234\/revisions"}],"predecessor-version":[{"id":14117,"href":"https:\/\/zonafrancabarranquilla.com\/en\/wp-json\/wp\/v2\/pages\/234\/revisions\/14117"}],"up":[{"embeddable":true,"href":"https:\/\/zonafrancabarranquilla.com\/en\/wp-json\/wp\/v2\/pages\/299"}],"wp:attachment":[{"href":"https:\/\/zonafrancabarranquilla.com\/en\/wp-json\/wp\/v2\/media?parent=234"}],"curies":[{"name":"wp","href":"https:\/\/api.w.org\/{rel}","templated":true}]}}