{"id":1681,"date":"2021-03-30T23:36:31","date_gmt":"2021-03-30T23:36:31","guid":{"rendered":"https:\/\/zonafrancabarranquilla.com\/?page_id=1681"},"modified":"2021-05-08T22:07:10","modified_gmt":"2021-05-08T22:07:10","slug":"beneficios-ofrecidos","status":"publish","type":"page","link":"https:\/\/zonafrancabarranquilla.com\/en\/usuarios\/beneficios-ofrecidos\/","title":{"rendered":"Offered Incentives"},"content":{"rendered":"<div data-elementor-type=\"wp-page\" data-elementor-id=\"1681\" class=\"elementor elementor-1681\" data-elementor-post-type=\"page\">\n\t\t\t\t\t\t<section class=\"elementor-section elementor-top-section elementor-element elementor-element-0ecd659 elementor-section-height-min-height elementor-section-boxed elementor-section-height-default elementor-section-items-middle\" data-id=\"0ecd659\" data-element_type=\"section\" data-e-type=\"section\" data-settings=\"{&quot;background_background&quot;:&quot;classic&quot;}\">\n\t\t\t\t\t\t\t<div class=\"elementor-background-overlay\"><\/div>\n\t\t\t\t\t\t\t<div class=\"elementor-container elementor-column-gap-default\">\n\t\t\t\t\t<div class=\"elementor-column elementor-col-50 elementor-top-column elementor-element elementor-element-107f192\" data-id=\"107f192\" data-element_type=\"column\" data-e-type=\"column\">\n\t\t\t<div class=\"elementor-widget-wrap\">\n\t\t\t\t\t\t\t<\/div>\n\t\t<\/div>\n\t\t\t\t<div class=\"elementor-column elementor-col-50 elementor-top-column elementor-element elementor-element-2079be7\" data-id=\"2079be7\" data-element_type=\"column\" data-e-type=\"column\">\n\t\t\t<div class=\"elementor-widget-wrap elementor-element-populated\">\n\t\t\t\t\t\t<div class=\"elementor-element elementor-element-679ac2a elementor-widget elementor-widget-heading\" data-id=\"679ac2a\" data-element_type=\"widget\" data-e-type=\"widget\" data-widget_type=\"heading.default\">\n\t\t\t\t<div class=\"elementor-widget-container\">\n\t\t\t\t\t<h2 class=\"elementor-heading-title elementor-size-default translation-block\">Offered<br> Incentives<\/h2>\t\t\t\t<\/div>\n\t\t\t\t<\/div>\n\t\t\t\t<div class=\"elementor-element elementor-element-9ebcb9b elementor-widget elementor-widget-image\" data-id=\"9ebcb9b\" data-element_type=\"widget\" data-e-type=\"widget\" data-widget_type=\"image.default\">\n\t\t\t\t<div class=\"elementor-widget-container\">\n\t\t\t\t\t\t\t\t\t\t\t\t\t\t\t<img decoding=\"async\" width=\"511\" height=\"5\" src=\"https:\/\/zonafrancabarranquilla.com\/wp-content\/uploads\/2021\/03\/sep-1-8.png\" class=\"attachment-large size-large wp-image-23\" alt=\"\" srcset=\"https:\/\/zonafrancabarranquilla.com\/wp-content\/uploads\/2021\/03\/sep-1-8.png 511w, https:\/\/zonafrancabarranquilla.com\/wp-content\/uploads\/2021\/03\/sep-1-8-300x3.png 300w, https:\/\/zonafrancabarranquilla.com\/wp-content\/uploads\/2021\/03\/sep-1-8-480x5.png 480w\" sizes=\"(max-width: 511px) 100vw, 511px\" \/>\t\t\t\t\t\t\t\t\t\t\t\t\t\t\t<\/div>\n\t\t\t\t<\/div>\n\t\t\t\t\t<\/div>\n\t\t<\/div>\n\t\t\t\t\t<\/div>\n\t\t<\/section>\n\t\t\t\t<section class=\"elementor-section elementor-top-section elementor-element elementor-element-14fe6ed elementor-section-boxed elementor-section-height-default elementor-section-height-default\" data-id=\"14fe6ed\" data-element_type=\"section\" data-e-type=\"section\">\n\t\t\t\t\t\t<div class=\"elementor-container elementor-column-gap-default\">\n\t\t\t\t\t<div class=\"elementor-column elementor-col-33 elementor-top-column elementor-element elementor-element-94b79f5\" data-id=\"94b79f5\" data-element_type=\"column\" data-e-type=\"column\" data-settings=\"{&quot;background_background&quot;:&quot;classic&quot;}\">\n\t\t\t<div class=\"elementor-widget-wrap elementor-element-populated\">\n\t\t\t\t\t\t<div class=\"elementor-element elementor-element-a376e90 elementor-widget elementor-widget-image\" data-id=\"a376e90\" data-element_type=\"widget\" data-e-type=\"widget\" data-widget_type=\"image.default\">\n\t\t\t\t<div class=\"elementor-widget-container\">\n\t\t\t\t\t\t\t\t\t\t\t\t\t\t\t<img decoding=\"async\" width=\"138\" height=\"137\" src=\"https:\/\/zonafrancabarranquilla.com\/wp-content\/uploads\/2021\/04\/ico-benef-1-8.png\" class=\"attachment-full size-full wp-image-2083\" alt=\"\" srcset=\"https:\/\/zonafrancabarranquilla.com\/wp-content\/uploads\/2021\/04\/ico-benef-1-8.png 138w, https:\/\/zonafrancabarranquilla.com\/wp-content\/uploads\/2021\/04\/ico-benef-1-8-12x12.png 12w\" sizes=\"(max-width: 138px) 100vw, 138px\" \/>\t\t\t\t\t\t\t\t\t\t\t\t\t\t\t<\/div>\n\t\t\t\t<\/div>\n\t\t\t\t\t<\/div>\n\t\t<\/div>\n\t\t\t\t<div class=\"elementor-column elementor-col-66 elementor-top-column elementor-element elementor-element-1ecb1e1\" data-id=\"1ecb1e1\" data-element_type=\"column\" data-e-type=\"column\" data-settings=\"{&quot;background_background&quot;:&quot;classic&quot;}\">\n\t\t\t<div class=\"elementor-widget-wrap elementor-element-populated\">\n\t\t\t\t\t\t<div class=\"elementor-element elementor-element-3fddfd6 elementor-widget elementor-widget-heading\" data-id=\"3fddfd6\" data-element_type=\"widget\" data-e-type=\"widget\" data-widget_type=\"heading.default\">\n\t\t\t\t<div class=\"elementor-widget-container\">\n\t\t\t\t\t<h2 class=\"elementor-heading-title elementor-size-default\">Tax Benefits<\/h2>\t\t\t\t<\/div>\n\t\t\t\t<\/div>\n\t\t\t\t<div class=\"elementor-element elementor-element-4cc3e35 elementor-widget elementor-widget-text-editor\" data-id=\"4cc3e35\" data-element_type=\"widget\" data-e-type=\"widget\" data-widget_type=\"text-editor.default\">\n\t\t\t\t<div class=\"elementor-widget-container\">\n\t\t\t\t\t\t\t\t\t<p>Flat rate of tax on taxable income will be 20% for industrial users of goods or services.<\/p>\t\t\t\t\t\t\t\t<\/div>\n\t\t\t\t<\/div>\n\t\t\t\t\t<\/div>\n\t\t<\/div>\n\t\t\t\t\t<\/div>\n\t\t<\/section>\n\t\t\t\t<section class=\"elementor-section elementor-top-section elementor-element elementor-element-5f5d742 elementor-section-boxed elementor-section-height-default elementor-section-height-default\" data-id=\"5f5d742\" data-element_type=\"section\" data-e-type=\"section\">\n\t\t\t\t\t\t<div class=\"elementor-container elementor-column-gap-default\">\n\t\t\t\t\t<div class=\"elementor-column elementor-col-33 elementor-top-column elementor-element elementor-element-9b4e339\" data-id=\"9b4e339\" data-element_type=\"column\" data-e-type=\"column\" data-settings=\"{&quot;background_background&quot;:&quot;classic&quot;}\">\n\t\t\t<div class=\"elementor-widget-wrap elementor-element-populated\">\n\t\t\t\t\t\t<div class=\"elementor-element elementor-element-35366fe elementor-widget elementor-widget-image\" data-id=\"35366fe\" data-element_type=\"widget\" data-e-type=\"widget\" data-widget_type=\"image.default\">\n\t\t\t\t<div class=\"elementor-widget-container\">\n\t\t\t\t\t\t\t\t\t\t\t\t\t\t\t<img decoding=\"async\" width=\"139\" height=\"159\" src=\"https:\/\/zonafrancabarranquilla.com\/wp-content\/uploads\/2021\/04\/ico-benef-2-8.png\" class=\"attachment-full size-full wp-image-2084\" alt=\"\" srcset=\"https:\/\/zonafrancabarranquilla.com\/wp-content\/uploads\/2021\/04\/ico-benef-2-8.png 139w, https:\/\/zonafrancabarranquilla.com\/wp-content\/uploads\/2021\/04\/ico-benef-2-8-10x12.png 10w\" sizes=\"(max-width: 139px) 100vw, 139px\" \/>\t\t\t\t\t\t\t\t\t\t\t\t\t\t\t<\/div>\n\t\t\t\t<\/div>\n\t\t\t\t\t<\/div>\n\t\t<\/div>\n\t\t\t\t<div class=\"elementor-column elementor-col-66 elementor-top-column elementor-element elementor-element-282fc30\" data-id=\"282fc30\" data-element_type=\"column\" data-e-type=\"column\" data-settings=\"{&quot;background_background&quot;:&quot;classic&quot;}\">\n\t\t\t<div class=\"elementor-widget-wrap elementor-element-populated\">\n\t\t\t\t\t\t<div class=\"elementor-element elementor-element-0202023 elementor-widget elementor-widget-heading\" data-id=\"0202023\" data-element_type=\"widget\" data-e-type=\"widget\" data-widget_type=\"heading.default\">\n\t\t\t\t<div class=\"elementor-widget-container\">\n\t\t\t\t\t<h2 class=\"elementor-heading-title elementor-size-default\">Customs benefits<\/h2>\t\t\t\t<\/div>\n\t\t\t\t<\/div>\n\t\t\t\t<div class=\"elementor-element elementor-element-88feb54 elementor-widget elementor-widget-text-editor\" data-id=\"88feb54\" data-element_type=\"widget\" data-e-type=\"widget\" data-widget_type=\"text-editor.default\">\n\t\t\t\t<div class=\"elementor-widget-container\">\n\t\t\t\t\t\t\t\t\t<ul><li>Indefinite storage of goods.<\/li><li>Exemption from customs duties on foreign capital goods, together with their spare parts, which are used for the development of its corporate purpose.<\/li><li>Free access of goods produced in the free zone to the domestic market.<\/li><li>The final revenue goods from the national customs territory are consider exports.<\/li><li>National providers receive incentives for exports to the free zone.<\/li><li>Nationalization of products is only paid for those sold to the National Customs Territory, on aggregate paid abroad.<\/li><li>Partial processes and processes of repair, revision, maintenance, etc., without loss of customs benefits.<\/li><li>Termination of suspensive regimes.<\/li><li>Procesamientos parciales y procesos de reparaci\u00f3n, revisi\u00f3n, mantenimiento entre otros en el Territorio Aduanero Nacional, sin p\u00e9rdida de beneficios.<\/li><li>Posibilidad de realizar nacionalizaci\u00f3n parcial sobre las materias primas y\/o productos fabricados en zona franca.<\/li><\/ul>\t\t\t\t\t\t\t\t<\/div>\n\t\t\t\t<\/div>\n\t\t\t\t\t<\/div>\n\t\t<\/div>\n\t\t\t\t\t<\/div>\n\t\t<\/section>\n\t\t\t\t<section class=\"elementor-section elementor-top-section elementor-element elementor-element-c2955d1 elementor-section-boxed elementor-section-height-default elementor-section-height-default\" data-id=\"c2955d1\" data-element_type=\"section\" data-e-type=\"section\">\n\t\t\t\t\t\t<div class=\"elementor-container elementor-column-gap-default\">\n\t\t\t\t\t<div class=\"elementor-column elementor-col-33 elementor-top-column elementor-element elementor-element-f16b1ea\" data-id=\"f16b1ea\" data-element_type=\"column\" data-e-type=\"column\" data-settings=\"{&quot;background_background&quot;:&quot;classic&quot;}\">\n\t\t\t<div class=\"elementor-widget-wrap elementor-element-populated\">\n\t\t\t\t\t\t<div class=\"elementor-element elementor-element-0b1ba07 elementor-widget elementor-widget-image\" data-id=\"0b1ba07\" data-element_type=\"widget\" data-e-type=\"widget\" data-widget_type=\"image.default\">\n\t\t\t\t<div class=\"elementor-widget-container\">\n\t\t\t\t\t\t\t\t\t\t\t\t\t\t\t<img loading=\"lazy\" decoding=\"async\" width=\"137\" height=\"127\" src=\"https:\/\/zonafrancabarranquilla.com\/wp-content\/uploads\/2021\/04\/ico-benef-3-8.png\" class=\"attachment-full size-full wp-image-2085\" alt=\"\" srcset=\"https:\/\/zonafrancabarranquilla.com\/wp-content\/uploads\/2021\/04\/ico-benef-3-8.png 137w, https:\/\/zonafrancabarranquilla.com\/wp-content\/uploads\/2021\/04\/ico-benef-3-8-13x12.png 13w\" sizes=\"(max-width: 137px) 100vw, 137px\" \/>\t\t\t\t\t\t\t\t\t\t\t\t\t\t\t<\/div>\n\t\t\t\t<\/div>\n\t\t\t\t\t<\/div>\n\t\t<\/div>\n\t\t\t\t<div class=\"elementor-column elementor-col-66 elementor-top-column elementor-element elementor-element-11e76dd\" data-id=\"11e76dd\" data-element_type=\"column\" data-e-type=\"column\" data-settings=\"{&quot;background_background&quot;:&quot;classic&quot;}\">\n\t\t\t<div class=\"elementor-widget-wrap elementor-element-populated\">\n\t\t\t\t\t\t<div class=\"elementor-element elementor-element-2d25ce6 elementor-widget elementor-widget-heading\" data-id=\"2d25ce6\" data-element_type=\"widget\" data-e-type=\"widget\" data-widget_type=\"heading.default\">\n\t\t\t\t<div class=\"elementor-widget-container\">\n\t\t\t\t\t<h2 class=\"elementor-heading-title elementor-size-default\">Operational benefits<\/h2>\t\t\t\t<\/div>\n\t\t\t\t<\/div>\n\t\t\t\t<div class=\"elementor-element elementor-element-21c2d03 elementor-widget elementor-widget-text-editor\" data-id=\"21c2d03\" data-element_type=\"widget\" data-e-type=\"widget\" data-widget_type=\"text-editor.default\">\n\t\t\t\t<div class=\"elementor-widget-container\">\n\t\t\t\t\t\t\t\t\t<ul><li>Customs on site.<\/li><li>Agility in customs and foreign trade procedures.<\/li><li>Save time and money.<\/li><li>From the Free Trade Zone to the rest of the world, it benefits from the trade agreements signed by Colombia.<\/li><li>Capacitaciones sobre el r\u00e9gimen franco.<\/li><li>Acompa\u00f1amiento y capacitaciones permanentes.<\/li><li>Software para el manejo de las operaciones de comercio exterior con conexi\u00f3n WEB.<\/li><li>Atenci\u00f3n a operaciones de comercio exterior 24\/7.<\/li><\/ul>\t\t\t\t\t\t\t\t<\/div>\n\t\t\t\t<\/div>\n\t\t\t\t\t<\/div>\n\t\t<\/div>\n\t\t\t\t\t<\/div>\n\t\t<\/section>\n\t\t\t\t<\/div>","protected":false},"excerpt":{"rendered":"<p>Beneficios Ofrecidos Beneficios Tributarios Tarifa \u00fanica de impuesto sobre la renta gravable ser\u00e1 de un 20%, para los usuarios industriales de bienes o de servicios. Beneficios aduaneros Almacenamiento de manera indefinida de bienes de capital o mercanc\u00edas sin pago de tributos aduaneros. Exenci\u00f3n de tributos aduaneros sobre bienes de capital extranjeros, junto con sus repuestos, &#8230; <a title=\"Offered Incentives\" class=\"read-more\" href=\"https:\/\/zonafrancabarranquilla.com\/en\/usuarios\/beneficios-ofrecidos\/\" aria-label=\"Read more about Beneficios ofrecidos\">Read more<\/a><\/p>","protected":false},"author":1,"featured_media":0,"parent":1672,"menu_order":0,"comment_status":"closed","ping_status":"closed","template":"elementor_header_footer","meta":{"_acf_changed":false,"footnotes":""},"class_list":["post-1681","page","type-page","status-publish"],"acf":[],"yoast_head":"<!-- This site is optimized with the Yoast SEO plugin v27.4 - https:\/\/yoast.com\/product\/yoast-seo-wordpress\/ -->\n<title>Beneficios ofrecidos - Zona Franca de Barranquilla<\/title>\n<meta name=\"robots\" content=\"index, follow, max-snippet:-1, max-image-preview:large, max-video-preview:-1\" \/>\n<link rel=\"canonical\" href=\"https:\/\/zonafrancabarranquilla.com\/en\/usuarios\/beneficios-ofrecidos\/\" \/>\n<meta property=\"og:locale\" content=\"en_US\" \/>\n<meta property=\"og:type\" content=\"article\" \/>\n<meta property=\"og:title\" content=\"Beneficios ofrecidos - Zona Franca de Barranquilla\" \/>\n<meta property=\"og:description\" content=\"Beneficios Ofrecidos Beneficios Tributarios Tarifa \u00fanica de impuesto sobre la renta gravable ser\u00e1 de un 20%, para los usuarios industriales de bienes o de servicios. Beneficios aduaneros Almacenamiento de manera indefinida de bienes de capital o mercanc\u00edas sin pago de tributos aduaneros. Exenci\u00f3n de tributos aduaneros sobre bienes de capital extranjeros, junto con sus repuestos, ... Read more\" \/>\n<meta property=\"og:url\" content=\"https:\/\/zonafrancabarranquilla.com\/en\/usuarios\/beneficios-ofrecidos\/\" \/>\n<meta property=\"og:site_name\" content=\"Zona Franca de Barranquilla\" \/>\n<meta property=\"article:modified_time\" content=\"2021-05-08T22:07:10+00:00\" \/>\n<meta property=\"og:image\" content=\"https:\/\/zonafrancabarranquilla.com\/wp-content\/uploads\/2021\/03\/sep-1-8.png\" \/>\n<meta name=\"twitter:card\" content=\"summary_large_image\" \/>\n<meta name=\"twitter:label1\" content=\"Est. reading time\" \/>\n\t<meta name=\"twitter:data1\" content=\"2 minutes\" \/>\n<script type=\"application\/ld+json\" class=\"yoast-schema-graph\">{\"@context\":\"https:\\\/\\\/schema.org\",\"@graph\":[{\"@type\":\"WebPage\",\"@id\":\"https:\\\/\\\/zonafrancabarranquilla.com\\\/usuarios\\\/beneficios-ofrecidos\\\/\",\"url\":\"https:\\\/\\\/zonafrancabarranquilla.com\\\/usuarios\\\/beneficios-ofrecidos\\\/\",\"name\":\"Beneficios ofrecidos - Zona Franca de Barranquilla\",\"isPartOf\":{\"@id\":\"https:\\\/\\\/zonafrancabarranquilla.com\\\/#website\"},\"primaryImageOfPage\":{\"@id\":\"https:\\\/\\\/zonafrancabarranquilla.com\\\/usuarios\\\/beneficios-ofrecidos\\\/#primaryimage\"},\"image\":{\"@id\":\"https:\\\/\\\/zonafrancabarranquilla.com\\\/usuarios\\\/beneficios-ofrecidos\\\/#primaryimage\"},\"thumbnailUrl\":\"https:\\\/\\\/zonafrancabarranquilla.com\\\/wp-content\\\/uploads\\\/2021\\\/03\\\/sep-1-8.png\",\"datePublished\":\"2021-03-30T23:36:31+00:00\",\"dateModified\":\"2021-05-08T22:07:10+00:00\",\"breadcrumb\":{\"@id\":\"https:\\\/\\\/zonafrancabarranquilla.com\\\/usuarios\\\/beneficios-ofrecidos\\\/#breadcrumb\"},\"inLanguage\":\"en-US\",\"potentialAction\":[{\"@type\":\"ReadAction\",\"target\":[\"https:\\\/\\\/zonafrancabarranquilla.com\\\/usuarios\\\/beneficios-ofrecidos\\\/\"]}]},{\"@type\":\"ImageObject\",\"inLanguage\":\"en-US\",\"@id\":\"https:\\\/\\\/zonafrancabarranquilla.com\\\/usuarios\\\/beneficios-ofrecidos\\\/#primaryimage\",\"url\":\"https:\\\/\\\/zonafrancabarranquilla.com\\\/wp-content\\\/uploads\\\/2021\\\/03\\\/sep-1-8.png\",\"contentUrl\":\"https:\\\/\\\/zonafrancabarranquilla.com\\\/wp-content\\\/uploads\\\/2021\\\/03\\\/sep-1-8.png\"},{\"@type\":\"BreadcrumbList\",\"@id\":\"https:\\\/\\\/zonafrancabarranquilla.com\\\/usuarios\\\/beneficios-ofrecidos\\\/#breadcrumb\",\"itemListElement\":[{\"@type\":\"ListItem\",\"position\":1,\"name\":\"Portada\",\"item\":\"https:\\\/\\\/zonafrancabarranquilla.com\\\/\"},{\"@type\":\"ListItem\",\"position\":2,\"name\":\"Usuarios\",\"item\":\"https:\\\/\\\/zonafrancabarranquilla.com\\\/usuarios\\\/\"},{\"@type\":\"ListItem\",\"position\":3,\"name\":\"Beneficios ofrecidos\"}]},{\"@type\":\"WebSite\",\"@id\":\"https:\\\/\\\/zonafrancabarranquilla.com\\\/#website\",\"url\":\"https:\\\/\\\/zonafrancabarranquilla.com\\\/\",\"name\":\"Zona Franca de Barranquilla\",\"description\":\"La Zona Franca de Barranquilla\",\"publisher\":{\"@id\":\"https:\\\/\\\/zonafrancabarranquilla.com\\\/#organization\"},\"potentialAction\":[{\"@type\":\"SearchAction\",\"target\":{\"@type\":\"EntryPoint\",\"urlTemplate\":\"https:\\\/\\\/zonafrancabarranquilla.com\\\/?s={search_term_string}\"},\"query-input\":{\"@type\":\"PropertyValueSpecification\",\"valueRequired\":true,\"valueName\":\"search_term_string\"}}],\"inLanguage\":\"en-US\"},{\"@type\":\"Organization\",\"@id\":\"https:\\\/\\\/zonafrancabarranquilla.com\\\/#organization\",\"name\":\"Zona Franca de Barranquilla\",\"url\":\"https:\\\/\\\/zonafrancabarranquilla.com\\\/\",\"logo\":{\"@type\":\"ImageObject\",\"inLanguage\":\"en-US\",\"@id\":\"https:\\\/\\\/zonafrancabarranquilla.com\\\/#\\\/schema\\\/logo\\\/image\\\/\",\"url\":\"https:\\\/\\\/zonafrancabarranquilla.com\\\/wp-content\\\/uploads\\\/2021\\\/03\\\/globologo-50.jpg\",\"contentUrl\":\"https:\\\/\\\/zonafrancabarranquilla.com\\\/wp-content\\\/uploads\\\/2021\\\/03\\\/globologo-50.jpg\",\"width\":604,\"height\":630,\"caption\":\"Zona Franca de Barranquilla\"},\"image\":{\"@id\":\"https:\\\/\\\/zonafrancabarranquilla.com\\\/#\\\/schema\\\/logo\\\/image\\\/\"}}]}<\/script>\n<!-- \/ Yoast SEO plugin. -->","yoast_head_json":{"title":"Beneficios ofrecidos - Zona Franca de Barranquilla","robots":{"index":"index","follow":"follow","max-snippet":"max-snippet:-1","max-image-preview":"max-image-preview:large","max-video-preview":"max-video-preview:-1"},"canonical":"https:\/\/zonafrancabarranquilla.com\/en\/usuarios\/beneficios-ofrecidos\/","og_locale":"en_US","og_type":"article","og_title":"Beneficios ofrecidos - Zona Franca de Barranquilla","og_description":"Beneficios Ofrecidos Beneficios Tributarios Tarifa \u00fanica de impuesto sobre la renta gravable ser\u00e1 de un 20%, para los usuarios industriales de bienes o de servicios. Beneficios aduaneros Almacenamiento de manera indefinida de bienes de capital o mercanc\u00edas sin pago de tributos aduaneros. Exenci\u00f3n de tributos aduaneros sobre bienes de capital extranjeros, junto con sus repuestos, ... Read more","og_url":"https:\/\/zonafrancabarranquilla.com\/en\/usuarios\/beneficios-ofrecidos\/","og_site_name":"Zona Franca de Barranquilla","article_modified_time":"2021-05-08T22:07:10+00:00","og_image":[{"url":"https:\/\/zonafrancabarranquilla.com\/wp-content\/uploads\/2021\/03\/sep-1-8.png","type":"","width":"","height":""}],"twitter_card":"summary_large_image","twitter_misc":{"Est. reading time":"2 minutes"},"schema":{"@context":"https:\/\/schema.org","@graph":[{"@type":"WebPage","@id":"https:\/\/zonafrancabarranquilla.com\/usuarios\/beneficios-ofrecidos\/","url":"https:\/\/zonafrancabarranquilla.com\/usuarios\/beneficios-ofrecidos\/","name":"Beneficios ofrecidos - Zona Franca de Barranquilla","isPartOf":{"@id":"https:\/\/zonafrancabarranquilla.com\/#website"},"primaryImageOfPage":{"@id":"https:\/\/zonafrancabarranquilla.com\/usuarios\/beneficios-ofrecidos\/#primaryimage"},"image":{"@id":"https:\/\/zonafrancabarranquilla.com\/usuarios\/beneficios-ofrecidos\/#primaryimage"},"thumbnailUrl":"https:\/\/zonafrancabarranquilla.com\/wp-content\/uploads\/2021\/03\/sep-1-8.png","datePublished":"2021-03-30T23:36:31+00:00","dateModified":"2021-05-08T22:07:10+00:00","breadcrumb":{"@id":"https:\/\/zonafrancabarranquilla.com\/usuarios\/beneficios-ofrecidos\/#breadcrumb"},"inLanguage":"en-US","potentialAction":[{"@type":"ReadAction","target":["https:\/\/zonafrancabarranquilla.com\/usuarios\/beneficios-ofrecidos\/"]}]},{"@type":"ImageObject","inLanguage":"en-US","@id":"https:\/\/zonafrancabarranquilla.com\/usuarios\/beneficios-ofrecidos\/#primaryimage","url":"https:\/\/zonafrancabarranquilla.com\/wp-content\/uploads\/2021\/03\/sep-1-8.png","contentUrl":"https:\/\/zonafrancabarranquilla.com\/wp-content\/uploads\/2021\/03\/sep-1-8.png"},{"@type":"BreadcrumbList","@id":"https:\/\/zonafrancabarranquilla.com\/usuarios\/beneficios-ofrecidos\/#breadcrumb","itemListElement":[{"@type":"ListItem","position":1,"name":"Portada","item":"https:\/\/zonafrancabarranquilla.com\/"},{"@type":"ListItem","position":2,"name":"Usuarios","item":"https:\/\/zonafrancabarranquilla.com\/usuarios\/"},{"@type":"ListItem","position":3,"name":"Beneficios ofrecidos"}]},{"@type":"WebSite","@id":"https:\/\/zonafrancabarranquilla.com\/#website","url":"https:\/\/zonafrancabarranquilla.com\/","name":"Barranquilla Free Trade Zone","description":"La Zona Franca de Barranquilla","publisher":{"@id":"https:\/\/zonafrancabarranquilla.com\/#organization"},"potentialAction":[{"@type":"SearchAction","target":{"@type":"EntryPoint","urlTemplate":"https:\/\/zonafrancabarranquilla.com\/?s={search_term_string}"},"query-input":{"@type":"PropertyValueSpecification","valueRequired":true,"valueName":"search_term_string"}}],"inLanguage":"en-US"},{"@type":"Organization","@id":"https:\/\/zonafrancabarranquilla.com\/#organization","name":"Barranquilla Free Trade Zone","url":"https:\/\/zonafrancabarranquilla.com\/","logo":{"@type":"ImageObject","inLanguage":"en-US","@id":"https:\/\/zonafrancabarranquilla.com\/#\/schema\/logo\/image\/","url":"https:\/\/zonafrancabarranquilla.com\/wp-content\/uploads\/2021\/03\/globologo-50.jpg","contentUrl":"https:\/\/zonafrancabarranquilla.com\/wp-content\/uploads\/2021\/03\/globologo-50.jpg","width":604,"height":630,"caption":"Zona Franca de Barranquilla"},"image":{"@id":"https:\/\/zonafrancabarranquilla.com\/#\/schema\/logo\/image\/"}}]}},"_links":{"self":[{"href":"https:\/\/zonafrancabarranquilla.com\/en\/wp-json\/wp\/v2\/pages\/1681","targetHints":{"allow":["GET"]}}],"collection":[{"href":"https:\/\/zonafrancabarranquilla.com\/en\/wp-json\/wp\/v2\/pages"}],"about":[{"href":"https:\/\/zonafrancabarranquilla.com\/en\/wp-json\/wp\/v2\/types\/page"}],"author":[{"embeddable":true,"href":"https:\/\/zonafrancabarranquilla.com\/en\/wp-json\/wp\/v2\/users\/1"}],"replies":[{"embeddable":true,"href":"https:\/\/zonafrancabarranquilla.com\/en\/wp-json\/wp\/v2\/comments?post=1681"}],"version-history":[{"count":47,"href":"https:\/\/zonafrancabarranquilla.com\/en\/wp-json\/wp\/v2\/pages\/1681\/revisions"}],"predecessor-version":[{"id":5425,"href":"https:\/\/zonafrancabarranquilla.com\/en\/wp-json\/wp\/v2\/pages\/1681\/revisions\/5425"}],"up":[{"embeddable":true,"href":"https:\/\/zonafrancabarranquilla.com\/en\/wp-json\/wp\/v2\/pages\/1672"}],"wp:attachment":[{"href":"https:\/\/zonafrancabarranquilla.com\/en\/wp-json\/wp\/v2\/media?parent=1681"}],"curies":[{"name":"wp","href":"https:\/\/api.w.org\/{rel}","templated":true}]}}